{"id":12933,"date":"2020-10-06T19:21:50","date_gmt":"2020-10-06T19:21:50","guid":{"rendered":"https:\/\/www.maiaplasticsurgery.com\/?page_id=12933"},"modified":"2026-04-13T08:47:40","modified_gmt":"2026-04-13T08:47:40","slug":"abdominoplastia","status":"publish","type":"page","link":"https:\/\/www.maiaplasticsurgery.com\/es\/abdominoplastia\/","title":{"rendered":"Abdominoplastia"},"content":{"rendered":"","protected":false},"excerpt":{"rendered":"","protected":false},"author":1,"featured_media":0,"parent":0,"menu_order":11,"comment_status":"closed","ping_status":"closed","template":"template-tummy-tuck-page.php","meta":{"_acf_changed":false,"footnotes":""},"class_list":["post-12933","page","type-page","status-publish"],"acf":[],"yoast_head":"<!-- This site is optimized with the Yoast SEO plugin v27.5 - https:\/\/yoast.com\/product\/yoast-seo-wordpress\/ -->\n<title>Washington DC Cirug\u00eda Pl\u00e1stica de Abdomen | Tysons Corner Abdominoplastia, Paniculectom\u00eda<\/title>\n<meta name=\"description\" content=\"\u00bfEst\u00e1 usted interesado en aplanar y apretar la piel y el tejido alrededor de su secci\u00f3n media? Maia Plastic Surgery en el \u00e1rea metropolitana de Washington, DC, ofrece una amplia variedad de opciones de cirug\u00eda pl\u00e1stica de abdomen.\" \/>\n<meta name=\"robots\" content=\"index, follow, max-snippet:-1, max-image-preview:large, max-video-preview:-1\" \/>\n<link rel=\"canonical\" href=\"https:\/\/www.maiaplasticsurgery.com\/es\/abdominoplastia\/\" \/>\n<meta property=\"og:locale\" content=\"es_ES\" \/>\n<meta property=\"og:type\" content=\"article\" \/>\n<meta property=\"og:title\" content=\"Washington DC Cirug\u00eda Pl\u00e1stica de Abdomen | Tysons Corner Abdominoplastia, Paniculectom\u00eda\" \/>\n<meta property=\"og:description\" content=\"\u00bfEst\u00e1 usted interesado en aplanar y apretar la piel y el tejido alrededor de su secci\u00f3n media? Maia Plastic Surgery en el \u00e1rea metropolitana de Washington, DC, ofrece una amplia variedad de opciones de cirug\u00eda pl\u00e1stica de abdomen.\" \/>\n<meta property=\"og:url\" content=\"https:\/\/www.maiaplasticsurgery.com\/es\/abdominoplastia\/\" \/>\n<meta property=\"og:site_name\" content=\"Maia Plastic Surgery\" \/>\n<meta property=\"article:modified_time\" content=\"2026-04-13T08:47:40+00:00\" \/>\n<meta name=\"twitter:card\" content=\"summary_large_image\" \/>\n<!-- \/ Yoast SEO plugin. -->","yoast_head_json":{"title":"Washington DC Cirug\u00eda Pl\u00e1stica de Abdomen | Tysons Corner Abdominoplastia, Paniculectom\u00eda","description":"\u00bfEst\u00e1 usted interesado en aplanar y apretar la piel y el tejido alrededor de su secci\u00f3n media? Maia Plastic Surgery en el \u00e1rea metropolitana de Washington, DC, ofrece una amplia variedad de opciones de cirug\u00eda pl\u00e1stica de abdomen.","robots":{"index":"index","follow":"follow","max-snippet":"max-snippet:-1","max-image-preview":"max-image-preview:large","max-video-preview":"max-video-preview:-1"},"canonical":"https:\/\/www.maiaplasticsurgery.com\/es\/abdominoplastia\/","og_locale":"es_ES","og_type":"article","og_title":"Washington DC Cirug\u00eda Pl\u00e1stica de Abdomen | Tysons Corner Abdominoplastia, Paniculectom\u00eda","og_description":"\u00bfEst\u00e1 usted interesado en aplanar y apretar la piel y el tejido alrededor de su secci\u00f3n media? Maia Plastic Surgery en el \u00e1rea metropolitana de Washington, DC, ofrece una amplia variedad de opciones de cirug\u00eda pl\u00e1stica de abdomen.","og_url":"https:\/\/www.maiaplasticsurgery.com\/es\/abdominoplastia\/","og_site_name":"Maia Plastic Surgery","article_modified_time":"2026-04-13T08:47:40+00:00","twitter_card":"summary_large_image","schema":{"@context":"https:\/\/schema.org","@graph":[{"@type":"WebPage","@id":"https:\/\/www.maiaplasticsurgery.com\/es\/abdominoplastia\/","url":"https:\/\/www.maiaplasticsurgery.com\/es\/abdominoplastia\/","name":"Washington DC Cirug\u00eda Pl\u00e1stica de Abdomen | Tysons Corner Abdominoplastia, Paniculectom\u00eda","isPartOf":{"@id":"https:\/\/www.maiaplasticsurgery.com\/#website"},"datePublished":"2020-10-06T19:21:50+00:00","dateModified":"2026-04-13T08:47:40+00:00","description":"\u00bfEst\u00e1 usted interesado en aplanar y apretar la piel y el tejido alrededor de su secci\u00f3n media? Maia Plastic Surgery en el \u00e1rea metropolitana de Washington, DC, ofrece una amplia variedad de opciones de cirug\u00eda pl\u00e1stica de abdomen.","breadcrumb":{"@id":"https:\/\/www.maiaplasticsurgery.com\/es\/abdominoplastia\/#breadcrumb"},"inLanguage":"es","potentialAction":[{"@type":"ReadAction","target":["https:\/\/www.maiaplasticsurgery.com\/es\/abdominoplastia\/"]}]},{"@type":"BreadcrumbList","@id":"https:\/\/www.maiaplasticsurgery.com\/es\/abdominoplastia\/#breadcrumb","itemListElement":[{"@type":"ListItem","position":1,"name":"Home","item":"https:\/\/www.maiaplasticsurgery.com\/es\/"},{"@type":"ListItem","position":2,"name":"Abdominoplastia"}]},{"@type":"WebSite","@id":"https:\/\/www.maiaplasticsurgery.com\/#website","url":"https:\/\/www.maiaplasticsurgery.com\/","name":"Maia Plastic Surgery","description":"","potentialAction":[{"@type":"SearchAction","target":{"@type":"EntryPoint","urlTemplate":"https:\/\/www.maiaplasticsurgery.com\/?s={search_term_string}"},"query-input":{"@type":"PropertyValueSpecification","valueRequired":true,"valueName":"search_term_string"}}],"inLanguage":"es"}]}},"_links":{"self":[{"href":"https:\/\/www.maiaplasticsurgery.com\/es\/wp-json\/wp\/v2\/pages\/12933","targetHints":{"allow":["GET"]}}],"collection":[{"href":"https:\/\/www.maiaplasticsurgery.com\/es\/wp-json\/wp\/v2\/pages"}],"about":[{"href":"https:\/\/www.maiaplasticsurgery.com\/es\/wp-json\/wp\/v2\/types\/page"}],"author":[{"embeddable":true,"href":"https:\/\/www.maiaplasticsurgery.com\/es\/wp-json\/wp\/v2\/users\/1"}],"replies":[{"embeddable":true,"href":"https:\/\/www.maiaplasticsurgery.com\/es\/wp-json\/wp\/v2\/comments?post=12933"}],"version-history":[{"count":6,"href":"https:\/\/www.maiaplasticsurgery.com\/es\/wp-json\/wp\/v2\/pages\/12933\/revisions"}],"predecessor-version":[{"id":22701,"href":"https:\/\/www.maiaplasticsurgery.com\/es\/wp-json\/wp\/v2\/pages\/12933\/revisions\/22701"}],"wp:attachment":[{"href":"https:\/\/www.maiaplasticsurgery.com\/es\/wp-json\/wp\/v2\/media?parent=12933"}],"curies":[{"name":"wp","href":"https:\/\/api.w.org\/{rel}","templated":true}]}}