{"id":12938,"date":"2020-10-06T20:29:02","date_gmt":"2020-10-06T20:29:02","guid":{"rendered":"https:\/\/www.maiaplasticsurgery.com\/?page_id=12938"},"modified":"2025-03-21T13:32:03","modified_gmt":"2025-03-21T13:32:03","slug":"cirugia-de-lifting-facial","status":"publish","type":"page","link":"https:\/\/www.maiaplasticsurgery.com\/es\/cirugia-de-lifting-facial\/","title":{"rendered":"Facelift Surgery"},"content":{"rendered":"","protected":false},"excerpt":{"rendered":"","protected":false},"author":1,"featured_media":0,"parent":0,"menu_order":15,"comment_status":"closed","ping_status":"closed","template":"template-procedure-landing-new.php","meta":{"_acf_changed":false,"footnotes":""},"class_list":["post-12938","page","type-page","status-publish"],"acf":[],"yoast_head":"<!-- This site is optimized with the Yoast SEO plugin v27.5 - https:\/\/yoast.com\/product\/yoast-seo-wordpress\/ -->\n<title>Washington DC Cirug\u00eda de Estiramiento Facial Plano Profundo | Ritidectom\u00eda Tysons Corner<\/title>\n<meta name=\"description\" content=\"La cirug\u00eda de lifting facial aborda la ca\u00edda y la flacidez en la parte inferior de la cara y la papada, creando una apariencia m\u00e1s firme y juvenil. Maia Plastic Surgery ofrece opciones avanzadas para la cirug\u00eda de lifting facial natural en nuestra cl\u00ednica en Tysons Corner, VA.\" \/>\n<meta name=\"robots\" content=\"index, follow, max-snippet:-1, max-image-preview:large, max-video-preview:-1\" \/>\n<link rel=\"canonical\" href=\"https:\/\/www.maiaplasticsurgery.com\/es\/cirugia-de-lifting-facial\/\" \/>\n<meta property=\"og:locale\" content=\"es_ES\" \/>\n<meta property=\"og:type\" content=\"article\" \/>\n<meta property=\"og:title\" content=\"Washington DC Cirug\u00eda de Estiramiento Facial Plano Profundo | Ritidectom\u00eda Tysons Corner\" \/>\n<meta property=\"og:description\" content=\"La cirug\u00eda de lifting facial aborda la ca\u00edda y la flacidez en la parte inferior de la cara y la papada, creando una apariencia m\u00e1s firme y juvenil. Maia Plastic Surgery ofrece opciones avanzadas para la cirug\u00eda de lifting facial natural en nuestra cl\u00ednica en Tysons Corner, VA.\" \/>\n<meta property=\"og:url\" content=\"https:\/\/www.maiaplasticsurgery.com\/es\/cirugia-de-lifting-facial\/\" \/>\n<meta property=\"og:site_name\" content=\"Maia Plastic Surgery\" \/>\n<meta property=\"article:modified_time\" content=\"2025-03-21T13:32:03+00:00\" \/>\n<meta name=\"twitter:card\" content=\"summary_large_image\" \/>\n<!-- \/ Yoast SEO plugin. -->","yoast_head_json":{"title":"Washington DC Cirug\u00eda de Estiramiento Facial Plano Profundo | Ritidectom\u00eda Tysons Corner","description":"La cirug\u00eda de lifting facial aborda la ca\u00edda y la flacidez en la parte inferior de la cara y la papada, creando una apariencia m\u00e1s firme y juvenil. Maia Plastic Surgery ofrece opciones avanzadas para la cirug\u00eda de lifting facial natural en nuestra cl\u00ednica en Tysons Corner, VA.","robots":{"index":"index","follow":"follow","max-snippet":"max-snippet:-1","max-image-preview":"max-image-preview:large","max-video-preview":"max-video-preview:-1"},"canonical":"https:\/\/www.maiaplasticsurgery.com\/es\/cirugia-de-lifting-facial\/","og_locale":"es_ES","og_type":"article","og_title":"Washington DC Cirug\u00eda de Estiramiento Facial Plano Profundo | Ritidectom\u00eda Tysons Corner","og_description":"La cirug\u00eda de lifting facial aborda la ca\u00edda y la flacidez en la parte inferior de la cara y la papada, creando una apariencia m\u00e1s firme y juvenil. Maia Plastic Surgery ofrece opciones avanzadas para la cirug\u00eda de lifting facial natural en nuestra cl\u00ednica en Tysons Corner, VA.","og_url":"https:\/\/www.maiaplasticsurgery.com\/es\/cirugia-de-lifting-facial\/","og_site_name":"Maia Plastic Surgery","article_modified_time":"2025-03-21T13:32:03+00:00","twitter_card":"summary_large_image","schema":{"@context":"https:\/\/schema.org","@graph":[{"@type":"WebPage","@id":"https:\/\/www.maiaplasticsurgery.com\/es\/cirugia-de-lifting-facial\/","url":"https:\/\/www.maiaplasticsurgery.com\/es\/cirugia-de-lifting-facial\/","name":"Washington DC Cirug\u00eda de Estiramiento Facial Plano Profundo | Ritidectom\u00eda Tysons Corner","isPartOf":{"@id":"https:\/\/www.maiaplasticsurgery.com\/#website"},"datePublished":"2020-10-06T20:29:02+00:00","dateModified":"2025-03-21T13:32:03+00:00","description":"La cirug\u00eda de lifting facial aborda la ca\u00edda y la flacidez en la parte inferior de la cara y la papada, creando una apariencia m\u00e1s firme y juvenil. Maia Plastic Surgery ofrece opciones avanzadas para la cirug\u00eda de lifting facial natural en nuestra cl\u00ednica en Tysons Corner, VA.","breadcrumb":{"@id":"https:\/\/www.maiaplasticsurgery.com\/es\/cirugia-de-lifting-facial\/#breadcrumb"},"inLanguage":"es","potentialAction":[{"@type":"ReadAction","target":["https:\/\/www.maiaplasticsurgery.com\/es\/cirugia-de-lifting-facial\/"]}]},{"@type":"BreadcrumbList","@id":"https:\/\/www.maiaplasticsurgery.com\/es\/cirugia-de-lifting-facial\/#breadcrumb","itemListElement":[{"@type":"ListItem","position":1,"name":"Home","item":"https:\/\/www.maiaplasticsurgery.com\/es\/"},{"@type":"ListItem","position":2,"name":"Facelift Surgery"}]},{"@type":"WebSite","@id":"https:\/\/www.maiaplasticsurgery.com\/#website","url":"https:\/\/www.maiaplasticsurgery.com\/","name":"Maia Plastic Surgery","description":"","potentialAction":[{"@type":"SearchAction","target":{"@type":"EntryPoint","urlTemplate":"https:\/\/www.maiaplasticsurgery.com\/?s={search_term_string}"},"query-input":{"@type":"PropertyValueSpecification","valueRequired":true,"valueName":"search_term_string"}}],"inLanguage":"es"}]}},"_links":{"self":[{"href":"https:\/\/www.maiaplasticsurgery.com\/es\/wp-json\/wp\/v2\/pages\/12938","targetHints":{"allow":["GET"]}}],"collection":[{"href":"https:\/\/www.maiaplasticsurgery.com\/es\/wp-json\/wp\/v2\/pages"}],"about":[{"href":"https:\/\/www.maiaplasticsurgery.com\/es\/wp-json\/wp\/v2\/types\/page"}],"author":[{"embeddable":true,"href":"https:\/\/www.maiaplasticsurgery.com\/es\/wp-json\/wp\/v2\/users\/1"}],"replies":[{"embeddable":true,"href":"https:\/\/www.maiaplasticsurgery.com\/es\/wp-json\/wp\/v2\/comments?post=12938"}],"version-history":[{"count":10,"href":"https:\/\/www.maiaplasticsurgery.com\/es\/wp-json\/wp\/v2\/pages\/12938\/revisions"}],"predecessor-version":[{"id":16921,"href":"https:\/\/www.maiaplasticsurgery.com\/es\/wp-json\/wp\/v2\/pages\/12938\/revisions\/16921"}],"wp:attachment":[{"href":"https:\/\/www.maiaplasticsurgery.com\/es\/wp-json\/wp\/v2\/media?parent=12938"}],"curies":[{"name":"wp","href":"https:\/\/api.w.org\/{rel}","templated":true}]}}