{"id":12941,"date":"2020-10-06T20:18:21","date_gmt":"2020-10-06T20:18:21","guid":{"rendered":"https:\/\/www.maiaplasticsurgery.com\/?page_id=12941"},"modified":"2025-03-21T13:26:15","modified_gmt":"2025-03-21T13:26:15","slug":"labioplastia","status":"publish","type":"page","link":"https:\/\/www.maiaplasticsurgery.com\/es\/labioplastia\/","title":{"rendered":"Labioplastia"},"content":{"rendered":"<p class=\"text-center\"><em>Aprenda sobre el procedimiento, sus beneficios, y por qu\u00e9 usted debe elegir la Dra. Maia para su transformaci\u00f3n.<\/em><\/p>\n<div class=\"text-center\">\n<p><a href=\"#section-labiaplasty\" class=\"btn btn-primary mt-1 mb-0 mb-lg-1\">Seguir leyendo<\/a><\/p>\n<\/div>\n<p><img loading=\"lazy\" decoding=\"async\" src=\"https:\/\/www.maiaplasticsurgery.com\/wp-content\/uploads\/2023\/10\/bigstock-Close-Up-Fit-And-Sporty-Female-409346338.jpg\" alt=\"Close Up Fit And Sporty Female In Underwear. Beautiful And Healt\" width=\"800\" height=\"533\" class=\"my-5 aligncenter wp-image-7339\" srcset=\"https:\/\/www.maiaplasticsurgery.com\/wp-content\/uploads\/2023\/10\/bigstock-Close-Up-Fit-And-Sporty-Female-409346338.jpg 900w, https:\/\/www.maiaplasticsurgery.com\/wp-content\/uploads\/2023\/10\/bigstock-Close-Up-Fit-And-Sporty-Female-409346338-300x200.jpg 300w, https:\/\/www.maiaplasticsurgery.com\/wp-content\/uploads\/2023\/10\/bigstock-Close-Up-Fit-And-Sporty-Female-409346338-768x512.jpg 768w\" sizes=\"auto, (max-width: 800px) 100vw, 800px\" \/><\/p>\n<div class=\"text-center\">\n<p><a href=\"https:\/\/www.maiaplasticsurgery.com\/before-after\/labiaplasty\/\" class=\"btn btn-primary mt-1 mt-lg-0\">Ver Antes Y Despu\u00e9s Labioplastia Im\u00e1genes<\/a><\/p>\n<\/div>\n<hr class=\"mt-5\" \/>\n<h2 id=\"section-labiaplasty\">Labioplastia<\/h2>\n<p>La <a href=\"https:\/\/www.maiaplasticsurgery.com\/vaginal-rejuvenation\/\">apariencia del \u00e1rea vaginal<\/a> puede afectar la confianza en s\u00ed misma de una mujer, especialmente durante las interacciones \u00edntimas. Los labios tienen un efecto significativo en la apariencia exterior de la vagina y, en algunos casos, los labios pueden incluso verse a trav\u00e9s de la ropa. En Maia Plastic Surgery, nuestro experimentado cirujano pl\u00e1stico, La Dra. Munique Maia, ofrece rejuvenecimiento vaginal y cirug\u00eda est\u00e9tica de remodelaci\u00f3n, incluida la labioplastia, en nuestra cl\u00ednica en el \u00e1rea metropolitana de Washington, DC.<\/p>\n<p>No todas las pacientes tienen la misma raz\u00f3n para buscar una labioplastia y un rejuvenecimiento vaginal. En algunos casos, se relaciona con molestias f\u00edsicas. No es anormal que los labios menores se extiendan m\u00e1s all\u00e1 de los labios mayores externos, pero podr\u00eda causar molestias al usar prendas ajustadas, sentarse, hacer ejercicio o tener relaciones sexuales.<\/p>\n<p>En otros casos, el deseo de labios menores m\u00e1s peque\u00f1os es puramente cosm\u00e9tico. Las tendencias de ropa modernas, incluido el aumento de la popularidad de los pantalones de yoga y otras prendas deportivas, han hecho que sea m\u00e1s dif\u00edcil ocultar los rasgos vaginales f\u00edsicos. Luego est\u00e1n las tendencias de arreglo personal, como la cera brasile\u00f1a para el bikini, que pueden llamar la atenci\u00f3n sobre caracter\u00edsticas que las mujeres nunca antes hab\u00edan notado. Independientemente del motivo, puede lograr el resultado que desea con un procedimiento quir\u00fargico de labioplastia.<\/p>\n<hr class=\"mt-5\" \/>\n<h2>\u00bfLa cirug\u00eda est\u00e9tica de labios es adecuada para usted?<\/h2>\n<p>El procedimiento de labioplastia tiene como objetivo reducir el tama\u00f1o de los labios menores, o los pliegues de piel que se extienden desde el cl\u00edtoris, envueltos por los labios mayores. Los labios menores se conocen m\u00e1s com\u00fanmente como los \u00ablabios\u00bb internos de la vulva. El procedimiento consiste en recortar estos colgajos de piel para hacerlos m\u00e1s peque\u00f1os. Si bien es natural que el tama\u00f1o de los labios menores difiera de una mujer a otra, hay una variedad de razones por las que puede sentirse inc\u00f3moda con los suyos y desea reducir el tama\u00f1o.<\/p>\n<p>La labioplastia se puede realizar debido a labios gen\u00e9ticamente m\u00e1s grandes o deformados. Este puede ser el caso en condiciones como hiperplasia suprarrenal cong\u00e9nita o genitales ambiguos. Para algunas mujeres, sus labios pueden ser completamente normales, pero demasiado grandes para su preferencia. Los cambios en la piel y el tejido pueden afectar la apariencia de los labios. Como cualquier otra \u00e1rea del cuerpo, los labios pueden perder col\u00e1geno y laxitud con la edad. Independientemente del motivo de la labioplastia, la Dra. Maia escuchar\u00e1 sus inquietudes y discutir\u00e1 las opciones de cirug\u00eda cosm\u00e9tica para lograr los resultados que desea.<\/p>\n<p>Si desea explorar la labioplastia para remodelar sus labios o para el rejuvenecimiento vaginal, <a href=\"https:\/\/www.maiaplasticsurgery.com\/contact-us\/\">cont\u00e1ctenos en Maia Plastic Surgery<\/a> para programar una consulta con la Dra. Maia. Llame a nuestra oficina en nuestro centro m\u00e9dico en Tysons Corner, VA, para reservar su cita.<\/p>\n<p class=\"text-center\"><a href=\"https:\/\/appointmentrequestsapp.symplast.com\/?tenant=399\" class=\"btn btn-primary\">Programe su consulta<\/a><\/p>\n<hr class=\"mt-5\" \/>\n<h2>CONSEGUIR LABIOPLASTIA<\/h2>\n<p>La labioplastia es uno de los procedimientos quir\u00fargicos pl\u00e1sticos m\u00e1s comunes en todo el mundo. La labioplastia o cirug\u00eda de rejuvenecimiento vaginal es un procedimiento quir\u00fargico est\u00e9tico que tiene como objetivo mejorar el aspecto de la vagina mediante la eliminaci\u00f3n del exceso de labios menores. Algunas mujeres con labios grandes pueden experimentar incomodidad, dolor, irritaci\u00f3n cuando hacen ejercicio, usan ropa ajustada o simplemente realizan sus actividades diarias. Para otras mujeres, la apariencia de sus vaginas ha resultado en problemas de autoestima y quieren mejorar su apariencia y reducir la laxitud vaginal.<\/p>\n<p>No importa el motivo, someterse a una labioplastia es una excelente manera de resolver estos problemas, mejorando su bienestar y confianza en s\u00ed mismo.<\/p>\n<hr class=\"mt-5\" \/>\n<h2>BENEFICIOS DE LA LABIOPLASTIA<\/h2>\n<p>Cuando la realiza un cirujano pl\u00e1stico experimentado, la labioplastia tiene una serie de beneficios que incluyen:<\/p>\n<ul style=\"list-style-type: none;\">\n<li>\u2714 Aumentar la confianza en uno mismo<\/li>\n<li>\u2714 Est\u00e9tica mejorada<\/li>\n<li>\u2714 Opciones de ropa mejoradas<\/li>\n<li>\u2714 Mayor comodidad<\/li>\n<li>\u2714 Elimina la irritaci\u00f3n provocada por el exceso de tejido labial<\/li>\n<li>\u2714 Corregir asimetr\u00eda<\/li>\n<li>\u2714 Mejorar el placer sexual<\/li>\n<li>\u2714 Te permite hacer ejercicio y hacer deporte sin molestias<\/li>\n<\/ul>\n<hr class=\"mt-5\" \/>\n<h2>PREPARACI\u00d3N PARA LABIOPLASTIA<\/h2>\n<p>El primer paso es una cita de consulta con la Dra. Maia.<\/p>\n<p>Durante su consulta, la Dra. Maia escuchar\u00e1 atentamente sus inquietudes, analizar\u00e1 sus expectativas y objetivos y luego realizar\u00e1 un examen f\u00edsico. Se le explicar\u00e1n los detalles de su cirug\u00eda, incluso d\u00f3nde se realizar\u00e1n las incisiones y qu\u00e9 esperar con respecto a los cambios en el tama\u00f1o y la forma de sus labios. Si la Dra. Maia est\u00e1 de acuerdo en que usted es una buena candidata para la labioplastia, nuestro equipo analizar\u00e1 un plan de tratamiento con usted y programar\u00e1 una cita preoperatoria que puede ser virtual o en persona.<\/p>\n<p>Se le dar\u00e1n instrucciones prequir\u00fargicas detalladas, como cu\u00e1ndo ajustar o suspender temporalmente ciertos medicamentos y otra informaci\u00f3n sobre c\u00f3mo prepararse y qu\u00e9 esperar despu\u00e9s de la cirug\u00eda.<\/p>\n<hr class=\"mt-5\" \/>\n<h2>SU PROCEDIMIENTO DE LABIOPLASTIA<\/h2>\n<p>La labioplastia se realiza com\u00fanmente en el consultorio bajo anestesia local y dura aproximadamente una hora. La Dra. Maia marcar\u00e1 el \u00e1rea y el exceso de labios que ser\u00e1n redimensionados o remodelados. Este procedimiento tambi\u00e9n se puede combinar con injertos de grasa, labios hinchados, reducci\u00f3n del capuch\u00f3n del cl\u00edtoris, comisuroplastia anterior o posterior y otros procedimientos. Los pacientes pueden regresar a su hogar tan pronto como finaliza el procedimiento.<\/p>\n<p>Se puede esperar algo de hinchaz\u00f3n e incomodidad despu\u00e9s del procedimiento quir\u00fargico. Nuestro equipo le aconsejar\u00e1 sobre la medicaci\u00f3n y le dar\u00e1 instrucciones posquir\u00fargicas detalladas sobre el cuidado posoperatorio. Se programar\u00e1n citas postoperatorias para monitorear su proceso de curaci\u00f3n.<\/p>\n<p class=\"text-center\"><a href=\"https:\/\/www.maiaplasticsurgery.com\/before-after\/labiaplasty\/\" class=\"btn btn-primary\">VER ANTES Y DESPU\u00c9S LABIOPLASTIA IM\u00c1GENES<\/a><\/p>\n<hr class=\"mt-5\" \/>\n<h2>TIEMPO DE RECUPERACI\u00d3N<\/h2>\n<p>La recuperaci\u00f3n var\u00eda de persona a persona, pero la mayor\u00eda de las mujeres pueden regresar al trabajo 3 o 4 d\u00edas despu\u00e9s de la cirug\u00eda y regresar a su rutina normal dentro de 1 a 2 semanas. Se debe evitar la actividad f\u00edsica extenuante durante aproximadamente 3 a 4 semanas despu\u00e9s de la cirug\u00eda. En general, se recomienda que los pacientes se abstengan de tener relaciones sexuales durante 4 a 6 semanas o hasta que la Dra. Maia lo autorice.<\/p>\n<hr class=\"mt-5\" \/>\n<h2>PREGUNTAS FRECUENTES SOBRE LABIOPLASTIA<\/h2>\n<dl id=\"faq-1\" class=\"flc-faq\"><dt>\u00bfSOY UNA BUENA CANDIDATA PARA LA CIRUG\u00cdA DE LABIOPLASTIA?<\/dt><dd><p>Si siempre ha tenido un exceso de tejido colgando de su vagina y sus labios menores no son sim\u00e9tricos o si ha notado problemas con su tejido vaginal despu\u00e9s del embarazo, es posible que desee considerar la labioplastia. Las candidatas ideales para una labioplastia son mayores de 18 a\u00f1os y tienen expectativas realistas para el proceso quir\u00fargico y los resultados.<\/p>\n<\/dd><dt>\u00bfTENDR\u00c9 CICATRICES VISIBLES DESPU\u00c9S DE LA LABIOPLASTIA?<\/dt><dd><p>Las cicatrices de la incisi\u00f3n deben ocultarse dentro de los pliegues naturales de la piel y, debido a la ubicaci\u00f3n de las incisiones, las cicatrices de una labioplastia apenas se notan.<\/p>\n<\/dd><dt>\u00bfPUEDO DAR A LUZ DESPU\u00c9S DE LABIOPLASTIA?<\/dt><dd><p>S\u00ed, la labioplastia no afectar\u00e1 su capacidad para dar a luz.<\/p>\n<\/dd><dt>\u00bfPUEDO COMBINAR LABIOPLASTIA CON OTROS PROCEDIMIENTOS COSM\u00c9TICOS?<\/dt><dd><p>S\u00ed, muchas mujeres optan por incluir la labioplastia como parte de un plan de tratamiento integral. Tambi\u00e9n se puede combinar con otros procedimientos de labios, como la reducci\u00f3n del capuch\u00f3n del cl\u00edtoris y el aumento de labios.<\/p>\n<\/dd><dt>\u00bfPIERDO LA SENSACI\u00d3N DESPU\u00c9S DE UNA LABIOPLASTIA?<\/dt><dd><p>Tener una labioplastia no deber\u00eda afectar la sensaci\u00f3n sexual. Se puede esperar una sensaci\u00f3n de entumecimiento en el \u00e1rea tratada, pero deber\u00eda desaparecer en un corto per\u00edodo de tiempo. De hecho, los pacientes se sienten m\u00e1s relajados y menos cohibidos acerca de sus cuerpos despu\u00e9s del procedimiento, lo que har\u00e1 que la actividad sexual sea m\u00e1s placentera y c\u00f3moda.<\/p>\n<\/dd><\/dl>\n","protected":false},"excerpt":{"rendered":"<p>Aprenda sobre el procedimiento, sus beneficios, y por qu\u00e9 usted debe elegir la Dra. Maia para su transformaci\u00f3n. Seguir leyendo Ver Antes Y Despu\u00e9s Labioplastia Im\u00e1genes Labioplastia La apariencia del&hellip; <a href=\"https:\/\/www.maiaplasticsurgery.com\/es\/labioplastia\/\" class=\"more-link\">Seguir leyendo <span class=\"sr-only\">acerca de Labioplastia<\/span><\/a><\/p>\n","protected":false},"author":1,"featured_media":12107,"parent":0,"menu_order":0,"comment_status":"closed","ping_status":"closed","template":"template-procedure-landing-new.php","meta":{"_acf_changed":false,"footnotes":""},"class_list":["post-12941","page","type-page","status-publish","has-post-thumbnail"],"acf":[],"yoast_head":"<!-- This site is optimized with the Yoast SEO plugin v27.5 - https:\/\/yoast.com\/product\/yoast-seo-wordpress\/ -->\n<title>Washington DC Labiaplastia | Cirug\u00eda Est\u00e9tica de Labios Tysons Corner<\/title>\n<meta name=\"description\" content=\"Los labios son un aspecto importante de la apariencia de la zona vaginal. La gen\u00e9tica, el envejecimiento y otros factores pueden afectar a la apariencia de los labios. Maia Plastic Surgery ofrece labiaplastia para el rejuvenecimiento vaginal en nuestra cl\u00ednica en Tysons Corner, VA.\" \/>\n<meta name=\"robots\" content=\"index, follow, max-snippet:-1, max-image-preview:large, max-video-preview:-1\" \/>\n<link rel=\"canonical\" href=\"https:\/\/www.maiaplasticsurgery.com\/es\/labioplastia\/\" \/>\n<meta property=\"og:locale\" content=\"es_ES\" \/>\n<meta property=\"og:type\" content=\"article\" \/>\n<meta property=\"og:title\" content=\"Washington DC Labiaplastia | Cirug\u00eda Est\u00e9tica de Labios Tysons Corner\" \/>\n<meta property=\"og:description\" content=\"Los labios son un aspecto importante de la apariencia de la zona vaginal. La gen\u00e9tica, el envejecimiento y otros factores pueden afectar a la apariencia de los labios. Maia Plastic Surgery ofrece labiaplastia para el rejuvenecimiento vaginal en nuestra cl\u00ednica en Tysons Corner, VA.\" \/>\n<meta property=\"og:url\" content=\"https:\/\/www.maiaplasticsurgery.com\/es\/labioplastia\/\" \/>\n<meta property=\"og:site_name\" content=\"Maia Plastic Surgery\" \/>\n<meta property=\"article:modified_time\" content=\"2025-03-21T13:26:15+00:00\" \/>\n<meta property=\"og:image\" content=\"https:\/\/www.maiaplasticsurgery.com\/wp-content\/uploads\/2023\/10\/bigstock-Close-Up-Fit-And-Sporty-Female-409346338.jpg\" \/>\n\t<meta property=\"og:image:width\" content=\"900\" \/>\n\t<meta property=\"og:image:height\" content=\"600\" \/>\n\t<meta property=\"og:image:type\" content=\"image\/jpeg\" \/>\n<meta name=\"twitter:card\" content=\"summary_large_image\" \/>\n<meta name=\"twitter:label1\" content=\"Tiempo de lectura\" \/>\n\t<meta name=\"twitter:data1\" content=\"5 minutos\" \/>\n<!-- \/ Yoast SEO plugin. -->","yoast_head_json":{"title":"Washington DC Labiaplastia | Cirug\u00eda Est\u00e9tica de Labios Tysons Corner","description":"Los labios son un aspecto importante de la apariencia de la zona vaginal. La gen\u00e9tica, el envejecimiento y otros factores pueden afectar a la apariencia de los labios. Maia Plastic Surgery ofrece labiaplastia para el rejuvenecimiento vaginal en nuestra cl\u00ednica en Tysons Corner, VA.","robots":{"index":"index","follow":"follow","max-snippet":"max-snippet:-1","max-image-preview":"max-image-preview:large","max-video-preview":"max-video-preview:-1"},"canonical":"https:\/\/www.maiaplasticsurgery.com\/es\/labioplastia\/","og_locale":"es_ES","og_type":"article","og_title":"Washington DC Labiaplastia | Cirug\u00eda Est\u00e9tica de Labios Tysons Corner","og_description":"Los labios son un aspecto importante de la apariencia de la zona vaginal. La gen\u00e9tica, el envejecimiento y otros factores pueden afectar a la apariencia de los labios. Maia Plastic Surgery ofrece labiaplastia para el rejuvenecimiento vaginal en nuestra cl\u00ednica en Tysons Corner, VA.","og_url":"https:\/\/www.maiaplasticsurgery.com\/es\/labioplastia\/","og_site_name":"Maia Plastic Surgery","article_modified_time":"2025-03-21T13:26:15+00:00","og_image":[{"width":900,"height":600,"url":"https:\/\/www.maiaplasticsurgery.com\/wp-content\/uploads\/2023\/10\/bigstock-Close-Up-Fit-And-Sporty-Female-409346338.jpg","type":"image\/jpeg"}],"twitter_card":"summary_large_image","twitter_misc":{"Tiempo de lectura":"5 minutos"},"schema":{"@context":"https:\/\/schema.org","@graph":[{"@type":"WebPage","@id":"https:\/\/www.maiaplasticsurgery.com\/es\/labioplastia\/","url":"https:\/\/www.maiaplasticsurgery.com\/es\/labioplastia\/","name":"Washington DC Labiaplastia | Cirug\u00eda Est\u00e9tica de Labios Tysons Corner","isPartOf":{"@id":"https:\/\/www.maiaplasticsurgery.com\/#website"},"primaryImageOfPage":{"@id":"https:\/\/www.maiaplasticsurgery.com\/es\/labioplastia\/#primaryimage"},"image":{"@id":"https:\/\/www.maiaplasticsurgery.com\/es\/labioplastia\/#primaryimage"},"thumbnailUrl":"https:\/\/www.maiaplasticsurgery.com\/wp-content\/uploads\/2023\/10\/bigstock-Close-Up-Fit-And-Sporty-Female-409346338.jpg","datePublished":"2020-10-06T20:18:21+00:00","dateModified":"2025-03-21T13:26:15+00:00","description":"Los labios son un aspecto importante de la apariencia de la zona vaginal. La gen\u00e9tica, el envejecimiento y otros factores pueden afectar a la apariencia de los labios. Maia Plastic Surgery ofrece labiaplastia para el rejuvenecimiento vaginal en nuestra cl\u00ednica en Tysons Corner, VA.","breadcrumb":{"@id":"https:\/\/www.maiaplasticsurgery.com\/es\/labioplastia\/#breadcrumb"},"inLanguage":"es","potentialAction":[{"@type":"ReadAction","target":["https:\/\/www.maiaplasticsurgery.com\/es\/labioplastia\/"]}]},{"@type":"ImageObject","inLanguage":"es","@id":"https:\/\/www.maiaplasticsurgery.com\/es\/labioplastia\/#primaryimage","url":"https:\/\/www.maiaplasticsurgery.com\/wp-content\/uploads\/2023\/10\/bigstock-Close-Up-Fit-And-Sporty-Female-409346338.jpg","contentUrl":"https:\/\/www.maiaplasticsurgery.com\/wp-content\/uploads\/2023\/10\/bigstock-Close-Up-Fit-And-Sporty-Female-409346338.jpg","width":900,"height":600,"caption":"Close up fit and sporty female in underwear. Beautiful and healthy woman holds flower over her underpants, beige background. Sport, fitness, diet, weight loss and healthcare concept."},{"@type":"BreadcrumbList","@id":"https:\/\/www.maiaplasticsurgery.com\/es\/labioplastia\/#breadcrumb","itemListElement":[{"@type":"ListItem","position":1,"name":"Home","item":"https:\/\/www.maiaplasticsurgery.com\/es\/"},{"@type":"ListItem","position":2,"name":"Labioplastia"}]},{"@type":"WebSite","@id":"https:\/\/www.maiaplasticsurgery.com\/#website","url":"https:\/\/www.maiaplasticsurgery.com\/","name":"Maia Plastic Surgery","description":"","potentialAction":[{"@type":"SearchAction","target":{"@type":"EntryPoint","urlTemplate":"https:\/\/www.maiaplasticsurgery.com\/?s={search_term_string}"},"query-input":{"@type":"PropertyValueSpecification","valueRequired":true,"valueName":"search_term_string"}}],"inLanguage":"es"}]}},"_links":{"self":[{"href":"https:\/\/www.maiaplasticsurgery.com\/es\/wp-json\/wp\/v2\/pages\/12941","targetHints":{"allow":["GET"]}}],"collection":[{"href":"https:\/\/www.maiaplasticsurgery.com\/es\/wp-json\/wp\/v2\/pages"}],"about":[{"href":"https:\/\/www.maiaplasticsurgery.com\/es\/wp-json\/wp\/v2\/types\/page"}],"author":[{"embeddable":true,"href":"https:\/\/www.maiaplasticsurgery.com\/es\/wp-json\/wp\/v2\/users\/1"}],"replies":[{"embeddable":true,"href":"https:\/\/www.maiaplasticsurgery.com\/es\/wp-json\/wp\/v2\/comments?post=12941"}],"version-history":[{"count":9,"href":"https:\/\/www.maiaplasticsurgery.com\/es\/wp-json\/wp\/v2\/pages\/12941\/revisions"}],"predecessor-version":[{"id":16919,"href":"https:\/\/www.maiaplasticsurgery.com\/es\/wp-json\/wp\/v2\/pages\/12941\/revisions\/16919"}],"wp:featuredmedia":[{"embeddable":true,"href":"https:\/\/www.maiaplasticsurgery.com\/es\/wp-json\/wp\/v2\/media\/12107"}],"wp:attachment":[{"href":"https:\/\/www.maiaplasticsurgery.com\/es\/wp-json\/wp\/v2\/media?parent=12941"}],"curies":[{"name":"wp","href":"https:\/\/api.w.org\/{rel}","templated":true}]}}