{"id":13215,"date":"2020-10-06T18:36:17","date_gmt":"2020-10-06T18:36:17","guid":{"rendered":"https:\/\/www.maiaplasticsurgery.com\/breast-augmentation\/"},"modified":"2025-03-21T13:43:56","modified_gmt":"2025-03-21T13:43:56","slug":"breast-augmentation-2","status":"publish","type":"page","link":"https:\/\/www.maiaplasticsurgery.com\/es\/aumento-de-pecho\/","title":{"rendered":"Aumento De Pecho"},"content":{"rendered":"","protected":false},"excerpt":{"rendered":"","protected":false},"author":1,"featured_media":0,"parent":0,"menu_order":11,"comment_status":"closed","ping_status":"closed","template":"template-procedure-landing-new.php","meta":{"_acf_changed":false,"footnotes":""},"class_list":["post-13215","page","type-page","status-publish"],"acf":[],"yoast_head":"<!-- This site is optimized with the Yoast SEO plugin v27.5 - https:\/\/yoast.com\/product\/yoast-seo-wordpress\/ -->\n<title>Washington DC Aumento de Senos | Tysons Corner Implantes de Senos Cirug\u00eda Pl\u00e1stica<\/title>\n<meta name=\"description\" content=\"\u00bfDesea cambiar el tama\u00f1o, la forma o la simetr\u00eda de sus senos? El aumento de senos con implantes mamarios de aspecto natural est\u00e1 disponible en Maia Plastic Surgery en Tysons Croner, VA, cerca de Washington, DC.\" \/>\n<meta name=\"robots\" content=\"index, follow, max-snippet:-1, max-image-preview:large, max-video-preview:-1\" \/>\n<link rel=\"canonical\" href=\"https:\/\/www.maiaplasticsurgery.com\/es\/aumento-de-pecho\/\" \/>\n<meta property=\"og:locale\" content=\"es_ES\" \/>\n<meta property=\"og:type\" content=\"article\" \/>\n<meta property=\"og:title\" content=\"Washington DC Aumento de Senos | Tysons Corner Implantes de Senos Cirug\u00eda Pl\u00e1stica\" \/>\n<meta property=\"og:description\" content=\"\u00bfDesea cambiar el tama\u00f1o, la forma o la simetr\u00eda de sus senos? El aumento de senos con implantes mamarios de aspecto natural est\u00e1 disponible en Maia Plastic Surgery en Tysons Croner, VA, cerca de Washington, DC.\" \/>\n<meta property=\"og:url\" content=\"https:\/\/www.maiaplasticsurgery.com\/es\/aumento-de-pecho\/\" \/>\n<meta property=\"og:site_name\" content=\"Maia Plastic Surgery\" \/>\n<meta property=\"article:modified_time\" content=\"2025-03-21T13:43:56+00:00\" \/>\n<meta name=\"twitter:card\" content=\"summary_large_image\" \/>\n<!-- \/ Yoast SEO plugin. -->","yoast_head_json":{"title":"Washington DC Aumento de Senos | Tysons Corner Implantes de Senos Cirug\u00eda Pl\u00e1stica","description":"\u00bfDesea cambiar el tama\u00f1o, la forma o la simetr\u00eda de sus senos? El aumento de senos con implantes mamarios de aspecto natural est\u00e1 disponible en Maia Plastic Surgery en Tysons Croner, VA, cerca de Washington, DC.","robots":{"index":"index","follow":"follow","max-snippet":"max-snippet:-1","max-image-preview":"max-image-preview:large","max-video-preview":"max-video-preview:-1"},"canonical":"https:\/\/www.maiaplasticsurgery.com\/es\/aumento-de-pecho\/","og_locale":"es_ES","og_type":"article","og_title":"Washington DC Aumento de Senos | Tysons Corner Implantes de Senos Cirug\u00eda Pl\u00e1stica","og_description":"\u00bfDesea cambiar el tama\u00f1o, la forma o la simetr\u00eda de sus senos? El aumento de senos con implantes mamarios de aspecto natural est\u00e1 disponible en Maia Plastic Surgery en Tysons Croner, VA, cerca de Washington, DC.","og_url":"https:\/\/www.maiaplasticsurgery.com\/es\/aumento-de-pecho\/","og_site_name":"Maia Plastic Surgery","article_modified_time":"2025-03-21T13:43:56+00:00","twitter_card":"summary_large_image","schema":{"@context":"https:\/\/schema.org","@graph":[{"@type":"WebPage","@id":"https:\/\/www.maiaplasticsurgery.com\/es\/aumento-de-pecho\/","url":"https:\/\/www.maiaplasticsurgery.com\/es\/aumento-de-pecho\/","name":"Washington DC Aumento de Senos | Tysons Corner Implantes de Senos Cirug\u00eda Pl\u00e1stica","isPartOf":{"@id":"https:\/\/www.maiaplasticsurgery.com\/#website"},"datePublished":"2020-10-06T18:36:17+00:00","dateModified":"2025-03-21T13:43:56+00:00","description":"\u00bfDesea cambiar el tama\u00f1o, la forma o la simetr\u00eda de sus senos? El aumento de senos con implantes mamarios de aspecto natural est\u00e1 disponible en Maia Plastic Surgery en Tysons Croner, VA, cerca de Washington, DC.","breadcrumb":{"@id":"https:\/\/www.maiaplasticsurgery.com\/es\/aumento-de-pecho\/#breadcrumb"},"inLanguage":"es","potentialAction":[{"@type":"ReadAction","target":["https:\/\/www.maiaplasticsurgery.com\/es\/aumento-de-pecho\/"]}]},{"@type":"BreadcrumbList","@id":"https:\/\/www.maiaplasticsurgery.com\/es\/aumento-de-pecho\/#breadcrumb","itemListElement":[{"@type":"ListItem","position":1,"name":"Home","item":"https:\/\/www.maiaplasticsurgery.com\/es\/"},{"@type":"ListItem","position":2,"name":"Aumento De Pecho"}]},{"@type":"WebSite","@id":"https:\/\/www.maiaplasticsurgery.com\/#website","url":"https:\/\/www.maiaplasticsurgery.com\/","name":"Maia Plastic Surgery","description":"","potentialAction":[{"@type":"SearchAction","target":{"@type":"EntryPoint","urlTemplate":"https:\/\/www.maiaplasticsurgery.com\/?s={search_term_string}"},"query-input":{"@type":"PropertyValueSpecification","valueRequired":true,"valueName":"search_term_string"}}],"inLanguage":"es"}]}},"_links":{"self":[{"href":"https:\/\/www.maiaplasticsurgery.com\/es\/wp-json\/wp\/v2\/pages\/13215","targetHints":{"allow":["GET"]}}],"collection":[{"href":"https:\/\/www.maiaplasticsurgery.com\/es\/wp-json\/wp\/v2\/pages"}],"about":[{"href":"https:\/\/www.maiaplasticsurgery.com\/es\/wp-json\/wp\/v2\/types\/page"}],"author":[{"embeddable":true,"href":"https:\/\/www.maiaplasticsurgery.com\/es\/wp-json\/wp\/v2\/users\/1"}],"replies":[{"embeddable":true,"href":"https:\/\/www.maiaplasticsurgery.com\/es\/wp-json\/wp\/v2\/comments?post=13215"}],"version-history":[{"count":10,"href":"https:\/\/www.maiaplasticsurgery.com\/es\/wp-json\/wp\/v2\/pages\/13215\/revisions"}],"predecessor-version":[{"id":16924,"href":"https:\/\/www.maiaplasticsurgery.com\/es\/wp-json\/wp\/v2\/pages\/13215\/revisions\/16924"}],"wp:attachment":[{"href":"https:\/\/www.maiaplasticsurgery.com\/es\/wp-json\/wp\/v2\/media?parent=13215"}],"curies":[{"name":"wp","href":"https:\/\/api.w.org\/{rel}","templated":true}]}}