{"id":13817,"date":"2024-03-16T20:21:07","date_gmt":"2024-03-16T20:21:07","guid":{"rendered":"https:\/\/www.maiaplasticsurgery.com\/?page_id=13817"},"modified":"2024-07-25T11:40:33","modified_gmt":"2024-07-25T11:40:33","slug":"la-semaglutida-para-bajar-de-peso","status":"publish","type":"page","link":"https:\/\/www.maiaplasticsurgery.com\/es\/la-semaglutida-para-bajar-de-peso\/","title":{"rendered":"La Semaglutida para Bajar de Peso"},"content":{"rendered":"<div class=\"embed-responsive embed-responsive-16by9\"> <iframe title=\"Semaglutide Weight Loss Injections in Tysons Corner, Virginia | Maia Plastic Surgery | #semaglutide\" class=\"embed-responsive-item\" src=\"https:\/\/www.youtube.com\/embed\/9-ZspmZEJdI?rel=0&mute=1&autoplay=1\" allowfullscreen><\/iframe><\/div>\n<p>Semaglutide es un medicamento milagroso a la vanguardia de la innovaci\u00f3n en la p\u00e9rdida de peso. La Cl\u00ednica de Cirug\u00eda Pl\u00e1stica de la Dra. Munique Maia en Tysons Corner, Virginia, ofrece p\u00e9rdida de peso m\u00e9dica al \u00e1rea metropolitana de Washington D.C. y m\u00e1s all\u00e1. Estamos orgullosos de ayudar a los pacientes que lo necesitan a trav\u00e9s de nuestro innovador programa de p\u00e9rdida de peso mediante inyecciones semanales de semaglutida.<\/p>\n<h2>\u00bfPor qu\u00e9 elegir un programa de p\u00e9rdida de peso con semaglutida?<\/h2>\n<p>Semaglutide ha sido aprobado por la FDA para la p\u00e9rdida de peso y ha demostrado ser un m\u00e9todo seguro y eficaz para deshacerse de libras no deseadas. Este revolucionario medicamento ha llamado la atenci\u00f3n por sus notables resultados, incluyendo las recientes transformaciones observadas en celebridades notables como Oprah Winfrey.<\/p>\n<blockquote><p><em>\u00abAhora utilizo un medicamento para perder peso cuando siento que lo necesito, como una herramienta para controlar el no yoy\u00f3. El hecho de que exista una receta m\u00e9dicamente aprobada para controlar el peso y mantenerse m\u00e1s sano, en mi vida, se siente como un alivio, como una redenci\u00f3n, como un regalo, y no algo tras lo que esconderme y por lo que una vez m\u00e1s ser ridiculizado. Estoy harta de que me averg\u00fcencen los dem\u00e1s y, sobre todo, yo misma\u00bb.<\/em><br \/>\n<cite><strong>&#8211; Oprah Winfrey<\/strong> a PEOPLE en diciembre de 2023<\/cite><\/p><\/blockquote>\n<h2>Consulta personalizada con la enfermera Kristina<\/h2>\n<p>Emprenda su viaje de p\u00e9rdida de peso con confianza programando una consulta gratuita con nuestra experimentada enfermera, Kristina. Durante esta reuni\u00f3n inicial, Kristina evaluar\u00e1 sus necesidades y objetivos individuales para determinar si el programa de p\u00e9rdida de peso con semaglutida es adecuado para usted.<\/p>\n<h2>Evaluaci\u00f3n m\u00e9dica exhaustiva<\/h2>\n<p>Su seguridad es nuestra m\u00e1xima prioridad. Antes de iniciar el tratamiento, nuestro equipo realizar\u00e1 una revisi\u00f3n exhaustiva de su historial m\u00e9dico para asegurarse de que la semaglutida es una opci\u00f3n adecuada para usted. Esta meticulosa evaluaci\u00f3n nos ayuda a adaptar el programa a su perfil de salud \u00fanico.<\/p>\n<h2>Inyecciones semanales de semaglutida en la cl\u00ednica<\/h2>\n<p>Experimente la comodidad de las inyecciones semanales de semaglutida administradas aqu\u00ed mismo, en nuestra cl\u00ednica. Nuestro personal experto le guiar\u00e1 a trav\u00e9s de cada paso del proceso, garantizando la comodidad y la eficacia a lo largo de su viaje de p\u00e9rdida de peso.<\/p>\n<h2>Adelgace con Semaglutida<\/h2>\n<p>Diga adi\u00f3s a las dietas de moda y a las frustrantes mesetas de p\u00e9rdida de peso. Con el programa de p\u00e9rdida de peso Semaglutide de la Dra. Munique Maia, puede lograr resultados sostenibles y recuperar su confianza. Semaglutide puede<\/p>\n<ul>\n<li>Suprimir el Apetito<\/li>\n<li>Acallar el \u00abRuido de la Comida<\/li>\n<li>Reducir la Resistencia a la Insulina<\/li>\n<\/ul>\n<p>D\u00e9 el primer paso hacia una vida m\u00e1s sana y feliz programando su consulta hoy mismo.<\/p>\n<p><a href=\"https:\/\/www.maiaplasticsurgery.com\/contact-us\/\">P\u00f3ngase en contacto con nosotros<\/a> ahora para reservar su consulta gratuita y descubrir si el Programa de p\u00e9rdida de peso con Semaglutida es adecuado para usted.<\/p>\n<h3>Preguntas frecuentes<\/h3>\n<dl id=\"faq-1\" class=\"flc-faq\"><dt>\u00bfEst\u00e1 aprobado por la FDA el programa de p\u00e9rdida de peso con semaglutida?<\/dt><dd><p>S\u00ed, la semaglutida ha recibido la aprobaci\u00f3n de la FDA para el tratamiento de la p\u00e9rdida de peso. Se ha sometido a rigurosas pruebas para garantizar su seguridad y eficacia a la hora de ayudar a las personas a alcanzar sus objetivos de p\u00e9rdida de peso.<\/p>\n<\/dd><dt>\u00bfCon qu\u00e9 frecuencia debo recibir inyecciones de semaglutida?<\/dt><dd><p>Las inyecciones de semaglutida se administran semanalmente en nuestra cl\u00ednica. Nuestro equipo trabajar\u00e1 con usted para programar citas que se adapten a su ajetreado estilo de vida.<\/p>\n<\/dd><dt>\u00bfSon seguras las inyecciones de semaglutida?<\/dt><dd><p>S\u00ed, las inyecciones de semaglutida se consideran seguras cuando se administran bajo la supervisi\u00f3n de un profesional sanitario cualificado. Antes de iniciar el tratamiento, realizamos una evaluaci\u00f3n m\u00e9dica exhaustiva para asegurarnos de que la semaglutida es una opci\u00f3n adecuada para usted.<\/p>\n<\/dd><dt>\u00bfTendr\u00e9 que seguir una dieta espec\u00edfica o un plan de ejercicios durante el programa de semaglutida?<\/dt><dd><p>Aunque seguir una dieta sana e incorporar la actividad f\u00edsica regular a su rutina puede mejorar sus resultados de p\u00e9rdida de peso, no hay requisitos estrictos de dieta o ejercicio asociados con el programa de semaglutida. Sin embargo, nuestro equipo puede ofrecerle recomendaciones personalizadas para optimizar su progreso.<\/p>\n<\/dd><dt>\u00bfCu\u00e1ndo puedo esperar ver resultados con la semaglutida?<\/dt><dd><p>Los resultados pueden variar de una persona a otra, pero muchos individuos empiezan a notar una p\u00e9rdida de peso significativa en las primeras semanas de iniciar el programa de semaglutida. La constancia con las inyecciones y el cumplimiento de las recomendaciones adicionales pueden ayudar a acelerar su progreso.<\/p>\n<\/dd><dt>\u00bfExisten efectos secundarios asociados a las inyecciones de semaglutida?<\/dt><dd><p>Como cualquier medicamento, la semaglutida puede provocar efectos secundarios en algunas personas. Estos pueden incluir n\u00e1useas, v\u00f3mitos, diarrea y estre\u00f1imiento. Nuestro equipo le explicar\u00e1 los posibles efectos secundarios durante la consulta y seguir\u00e1 de cerca su evoluci\u00f3n a lo largo del tratamiento.<\/p>\n<\/dd><dt>\u00bfPuede participar cualquier persona en el programa de p\u00e9rdida de peso con semaglutida?<\/dt><dd><p>Aunque la semaglutida es segura para muchas personas, puede no ser adecuada para todos. Durante su consulta gratuita con la enfermera Kristina, evaluaremos su historial m\u00e9dico y su estado de salud general para determinar si el programa de semaglutida es adecuado para usted.<\/p>\n<\/dd><dt>\u00bfSer\u00e1 sostenible mi p\u00e9rdida de peso despu\u00e9s de completar el programa de semaglutida?<\/dt><dd><p>El objetivo del programa de semaglutida es ayudarle a conseguir una p\u00e9rdida de peso a largo plazo. Al realizar cambios saludables en el estilo de vida e incorporar los h\u00e1bitos aprendidos durante el tratamiento, muchas personas son capaces de mantener sus resultados de p\u00e9rdida de peso a lo largo del tiempo. Nuestro equipo le proporcionar\u00e1 apoyo y orientaci\u00f3n continuos para ayudarle a mantener sus progresos.<\/p>\n<\/dd><\/dl>\n","protected":false},"excerpt":{"rendered":"<p>Semaglutide es un medicamento milagroso a la vanguardia de la innovaci\u00f3n en la p\u00e9rdida de peso. La Cl\u00ednica de Cirug\u00eda Pl\u00e1stica de la Dra. Munique Maia en Tysons Corner, Virginia,&hellip; <a href=\"https:\/\/www.maiaplasticsurgery.com\/es\/la-semaglutida-para-bajar-de-peso\/\" class=\"more-link\">Seguir leyendo <span class=\"sr-only\">acerca de La Semaglutida para Bajar de Peso<\/span><\/a><\/p>\n","protected":false},"author":1,"featured_media":0,"parent":0,"menu_order":0,"comment_status":"closed","ping_status":"closed","template":"template-procedure-landing-new.php","meta":{"_acf_changed":false,"footnotes":""},"class_list":["post-13817","page","type-page","status-publish"],"acf":[],"yoast_head":"<!-- This site is optimized with the Yoast SEO plugin v27.6 - https:\/\/yoast.com\/product\/yoast-seo-wordpress\/ -->\n<title>Inyecciones para Bajar de Peso con Semaglutida - Washington DC &amp; Tysons Corner<\/title>\n<meta name=\"description\" content=\"Descubre el programa de p\u00e9rdida de peso con Semaglutida, aprobado por la FDA, en la Cl\u00ednica de Cirug\u00eda Pl\u00e1stica del Dr. Munique Maia. Obt\u00e9n inyecciones semanales con supervisi\u00f3n m\u00e9dica y agenda una consulta gratuita hoy mismo.\" \/>\n<meta name=\"robots\" content=\"index, follow, max-snippet:-1, max-image-preview:large, max-video-preview:-1\" \/>\n<link rel=\"canonical\" href=\"https:\/\/www.maiaplasticsurgery.com\/es\/la-semaglutida-para-bajar-de-peso\/\" \/>\n<meta property=\"og:locale\" content=\"es_ES\" \/>\n<meta property=\"og:type\" content=\"article\" \/>\n<meta property=\"og:title\" content=\"Inyecciones para Bajar de Peso con Semaglutida - Washington DC &amp; Tysons Corner\" \/>\n<meta property=\"og:description\" content=\"Descubre el programa de p\u00e9rdida de peso con Semaglutida, aprobado por la FDA, en la Cl\u00ednica de Cirug\u00eda Pl\u00e1stica del Dr. Munique Maia. Obt\u00e9n inyecciones semanales con supervisi\u00f3n m\u00e9dica y agenda una consulta gratuita hoy mismo.\" \/>\n<meta property=\"og:url\" content=\"https:\/\/www.maiaplasticsurgery.com\/es\/la-semaglutida-para-bajar-de-peso\/\" \/>\n<meta property=\"og:site_name\" content=\"Maia Plastic Surgery\" \/>\n<meta property=\"article:modified_time\" content=\"2024-07-25T11:40:33+00:00\" \/>\n<meta name=\"twitter:card\" content=\"summary_large_image\" \/>\n<!-- \/ Yoast SEO plugin. -->","yoast_head_json":{"title":"Inyecciones para Bajar de Peso con Semaglutida - Washington DC & Tysons Corner","description":"Descubre el programa de p\u00e9rdida de peso con Semaglutida, aprobado por la FDA, en la Cl\u00ednica de Cirug\u00eda Pl\u00e1stica del Dr. Munique Maia. Obt\u00e9n inyecciones semanales con supervisi\u00f3n m\u00e9dica y agenda una consulta gratuita hoy mismo.","robots":{"index":"index","follow":"follow","max-snippet":"max-snippet:-1","max-image-preview":"max-image-preview:large","max-video-preview":"max-video-preview:-1"},"canonical":"https:\/\/www.maiaplasticsurgery.com\/es\/la-semaglutida-para-bajar-de-peso\/","og_locale":"es_ES","og_type":"article","og_title":"Inyecciones para Bajar de Peso con Semaglutida - Washington DC & Tysons Corner","og_description":"Descubre el programa de p\u00e9rdida de peso con Semaglutida, aprobado por la FDA, en la Cl\u00ednica de Cirug\u00eda Pl\u00e1stica del Dr. Munique Maia. Obt\u00e9n inyecciones semanales con supervisi\u00f3n m\u00e9dica y agenda una consulta gratuita hoy mismo.","og_url":"https:\/\/www.maiaplasticsurgery.com\/es\/la-semaglutida-para-bajar-de-peso\/","og_site_name":"Maia Plastic Surgery","article_modified_time":"2024-07-25T11:40:33+00:00","twitter_card":"summary_large_image","schema":{"@context":"https:\/\/schema.org","@graph":[{"@type":"WebPage","@id":"https:\/\/www.maiaplasticsurgery.com\/es\/la-semaglutida-para-bajar-de-peso\/","url":"https:\/\/www.maiaplasticsurgery.com\/es\/la-semaglutida-para-bajar-de-peso\/","name":"Inyecciones para Bajar de Peso con Semaglutida - Washington DC & Tysons Corner","isPartOf":{"@id":"https:\/\/www.maiaplasticsurgery.com\/#website"},"datePublished":"2024-03-16T20:21:07+00:00","dateModified":"2024-07-25T11:40:33+00:00","description":"Descubre el programa de p\u00e9rdida de peso con Semaglutida, aprobado por la FDA, en la Cl\u00ednica de Cirug\u00eda Pl\u00e1stica del Dr. Munique Maia. Obt\u00e9n inyecciones semanales con supervisi\u00f3n m\u00e9dica y agenda una consulta gratuita hoy mismo.","breadcrumb":{"@id":"https:\/\/www.maiaplasticsurgery.com\/es\/la-semaglutida-para-bajar-de-peso\/#breadcrumb"},"inLanguage":"es","potentialAction":[{"@type":"ReadAction","target":["https:\/\/www.maiaplasticsurgery.com\/es\/la-semaglutida-para-bajar-de-peso\/"]}]},{"@type":"BreadcrumbList","@id":"https:\/\/www.maiaplasticsurgery.com\/es\/la-semaglutida-para-bajar-de-peso\/#breadcrumb","itemListElement":[{"@type":"ListItem","position":1,"name":"Home","item":"https:\/\/www.maiaplasticsurgery.com\/es\/"},{"@type":"ListItem","position":2,"name":"La Semaglutida para Bajar de Peso"}]},{"@type":"WebSite","@id":"https:\/\/www.maiaplasticsurgery.com\/#website","url":"https:\/\/www.maiaplasticsurgery.com\/","name":"Maia Plastic Surgery","description":"","potentialAction":[{"@type":"SearchAction","target":{"@type":"EntryPoint","urlTemplate":"https:\/\/www.maiaplasticsurgery.com\/?s={search_term_string}"},"query-input":{"@type":"PropertyValueSpecification","valueRequired":true,"valueName":"search_term_string"}}],"inLanguage":"es"}]}},"_links":{"self":[{"href":"https:\/\/www.maiaplasticsurgery.com\/es\/wp-json\/wp\/v2\/pages\/13817","targetHints":{"allow":["GET"]}}],"collection":[{"href":"https:\/\/www.maiaplasticsurgery.com\/es\/wp-json\/wp\/v2\/pages"}],"about":[{"href":"https:\/\/www.maiaplasticsurgery.com\/es\/wp-json\/wp\/v2\/types\/page"}],"author":[{"embeddable":true,"href":"https:\/\/www.maiaplasticsurgery.com\/es\/wp-json\/wp\/v2\/users\/1"}],"replies":[{"embeddable":true,"href":"https:\/\/www.maiaplasticsurgery.com\/es\/wp-json\/wp\/v2\/comments?post=13817"}],"version-history":[{"count":4,"href":"https:\/\/www.maiaplasticsurgery.com\/es\/wp-json\/wp\/v2\/pages\/13817\/revisions"}],"predecessor-version":[{"id":19411,"href":"https:\/\/www.maiaplasticsurgery.com\/es\/wp-json\/wp\/v2\/pages\/13817\/revisions\/19411"}],"wp:attachment":[{"href":"https:\/\/www.maiaplasticsurgery.com\/es\/wp-json\/wp\/v2\/media?parent=13817"}],"curies":[{"name":"wp","href":"https:\/\/api.w.org\/{rel}","templated":true}]}}