{"id":14423,"date":"2023-10-11T13:00:50","date_gmt":"2023-10-11T13:00:50","guid":{"rendered":"https:\/\/www.maiaplasticsurgery.com\/welcome\/"},"modified":"2024-06-27T11:42:49","modified_gmt":"2024-06-27T11:42:49","slug":"welcome","status":"publish","type":"page","link":"https:\/\/www.maiaplasticsurgery.com\/es\/","title":{"rendered":"Welcome"},"content":{"rendered":"<h2>Bienvenido a Maia Plastic Surgery <span class=\"underline-short\">Donde el Arte se Encuentra con la Excelencia Quir\u00fargica<\/span><\/h2>\n<p>En Maia Cirug\u00eda Pl\u00e1stica, nuestro objetivo es ayudar a los pacientes a convertirse en la mejor versi\u00f3n de s\u00ed mismos.<\/p>\n<p>La Dra. Munique Maia es una cirujana pl\u00e1stica certificada y con formaci\u00f3n en una beca de Harvard, conocida por lograr resultados incre\u00edbles y de apariencia natural para sus pacientes. Ya sea que desee lucir m\u00e1s como su yo m\u00e1s joven o remodelar la silueta de su cuerpo, puede confiar en la experiencia de la Dra. Maia y nuestro equipo para alcanzar los resultados que desea.<\/p>\n<div class=\"text-center pt-4\"><a class=\"btn btn-primary\" href=\"https:\/\/www.maiaplasticsurgery.com\/contact-us\/\">Solicitar una Cita<\/a><\/div>\n","protected":false},"excerpt":{"rendered":"<p>Bienvenido a Maia Plastic Surgery Donde el Arte se Encuentra con la Excelencia Quir\u00fargica En Maia Cirug\u00eda Pl\u00e1stica, nuestro objetivo es ayudar a los pacientes a convertirse en la mejor&hellip; <a href=\"https:\/\/www.maiaplasticsurgery.com\/es\/\" class=\"more-link\">Seguir leyendo <span class=\"sr-only\">acerca de Welcome<\/span><\/a><\/p>\n","protected":false},"author":1,"featured_media":9044,"parent":0,"menu_order":-1,"comment_status":"closed","ping_status":"closed","template":"template-landing-new.php","meta":{"_acf_changed":false,"footnotes":""},"class_list":["post-14423","page","type-page","status-publish","has-post-thumbnail"],"acf":[],"yoast_head":"<!-- This site is optimized with the Yoast SEO plugin v27.6 - https:\/\/yoast.com\/product\/yoast-seo-wordpress\/ -->\n<title>Cirug\u00eda Pl\u00e1stica en Washington DC | Lifting Facial en Tysons Corner, Rinoplastia, Blefaroplastia<\/title>\n<meta name=\"description\" content=\"La cirug\u00eda pl\u00e1stica puede cambiar no solo tu apariencia, sino tambi\u00e9n tu perspectiva de vida y confianza. La Dra. Munique Maia en Maia Plastic Surgery en Tysons Corner, VA, ofrece cirug\u00eda pl\u00e1stica facial y corporal con resultados de aspecto natural.\" \/>\n<meta name=\"robots\" content=\"index, follow, max-snippet:-1, max-image-preview:large, max-video-preview:-1\" \/>\n<link rel=\"canonical\" href=\"https:\/\/www.maiaplasticsurgery.com\/es\/\" \/>\n<meta property=\"og:locale\" content=\"es_ES\" \/>\n<meta property=\"og:type\" content=\"article\" \/>\n<meta property=\"og:title\" content=\"Cirug\u00eda Pl\u00e1stica en Washington DC | Lifting Facial en Tysons Corner, Rinoplastia, Blefaroplastia\" \/>\n<meta property=\"og:description\" content=\"La cirug\u00eda pl\u00e1stica puede cambiar no solo tu apariencia, sino tambi\u00e9n tu perspectiva de vida y confianza. La Dra. Munique Maia en Maia Plastic Surgery en Tysons Corner, VA, ofrece cirug\u00eda pl\u00e1stica facial y corporal con resultados de aspecto natural.\" \/>\n<meta property=\"og:url\" content=\"https:\/\/www.maiaplasticsurgery.com\/es\/\" \/>\n<meta property=\"og:site_name\" content=\"Maia Plastic Surgery\" \/>\n<meta property=\"article:modified_time\" content=\"2024-06-27T11:42:49+00:00\" \/>\n<meta property=\"og:image\" content=\"https:\/\/www.maiaplasticsurgery.com\/wp-content\/uploads\/2020\/10\/office-3.jpg\" \/>\n\t<meta property=\"og:image:width\" content=\"1390\" \/>\n\t<meta property=\"og:image:height\" content=\"800\" \/>\n\t<meta property=\"og:image:type\" content=\"image\/jpeg\" \/>\n<meta name=\"twitter:card\" content=\"summary_large_image\" \/>\n<meta name=\"twitter:label1\" content=\"Tiempo de lectura\" \/>\n\t<meta name=\"twitter:data1\" content=\"1 minuto\" \/>\n<!-- \/ Yoast SEO plugin. -->","yoast_head_json":{"title":"Cirug\u00eda Pl\u00e1stica en Washington DC | Lifting Facial en Tysons Corner, Rinoplastia, Blefaroplastia","description":"La cirug\u00eda pl\u00e1stica puede cambiar no solo tu apariencia, sino tambi\u00e9n tu perspectiva de vida y confianza. La Dra. Munique Maia en Maia Plastic Surgery en Tysons Corner, VA, ofrece cirug\u00eda pl\u00e1stica facial y corporal con resultados de aspecto natural.","robots":{"index":"index","follow":"follow","max-snippet":"max-snippet:-1","max-image-preview":"max-image-preview:large","max-video-preview":"max-video-preview:-1"},"canonical":"https:\/\/www.maiaplasticsurgery.com\/es\/","og_locale":"es_ES","og_type":"article","og_title":"Cirug\u00eda Pl\u00e1stica en Washington DC | Lifting Facial en Tysons Corner, Rinoplastia, Blefaroplastia","og_description":"La cirug\u00eda pl\u00e1stica puede cambiar no solo tu apariencia, sino tambi\u00e9n tu perspectiva de vida y confianza. La Dra. Munique Maia en Maia Plastic Surgery en Tysons Corner, VA, ofrece cirug\u00eda pl\u00e1stica facial y corporal con resultados de aspecto natural.","og_url":"https:\/\/www.maiaplasticsurgery.com\/es\/","og_site_name":"Maia Plastic Surgery","article_modified_time":"2024-06-27T11:42:49+00:00","og_image":[{"width":1390,"height":800,"url":"https:\/\/www.maiaplasticsurgery.com\/wp-content\/uploads\/2020\/10\/office-3.jpg","type":"image\/jpeg"}],"twitter_card":"summary_large_image","twitter_misc":{"Tiempo de lectura":"1 minuto"},"schema":{"@context":"https:\/\/schema.org","@graph":[{"@type":"WebPage","@id":"https:\/\/www.maiaplasticsurgery.com\/es\/","url":"https:\/\/www.maiaplasticsurgery.com\/es\/","name":"Cirug\u00eda Pl\u00e1stica en Washington DC | Lifting Facial en Tysons Corner, Rinoplastia, Blefaroplastia","isPartOf":{"@id":"https:\/\/www.maiaplasticsurgery.com\/#website"},"primaryImageOfPage":{"@id":"https:\/\/www.maiaplasticsurgery.com\/es\/#primaryimage"},"image":{"@id":"https:\/\/www.maiaplasticsurgery.com\/es\/#primaryimage"},"thumbnailUrl":"https:\/\/www.maiaplasticsurgery.com\/wp-content\/uploads\/2020\/10\/office-3.jpg","datePublished":"2023-10-11T13:00:50+00:00","dateModified":"2024-06-27T11:42:49+00:00","description":"La cirug\u00eda pl\u00e1stica puede cambiar no solo tu apariencia, sino tambi\u00e9n tu perspectiva de vida y confianza. La Dra. Munique Maia en Maia Plastic Surgery en Tysons Corner, VA, ofrece cirug\u00eda pl\u00e1stica facial y corporal con resultados de aspecto natural.","breadcrumb":{"@id":"https:\/\/www.maiaplasticsurgery.com\/es\/#breadcrumb"},"inLanguage":"es","potentialAction":[{"@type":"ReadAction","target":["https:\/\/www.maiaplasticsurgery.com\/es\/"]}]},{"@type":"ImageObject","inLanguage":"es","@id":"https:\/\/www.maiaplasticsurgery.com\/es\/#primaryimage","url":"https:\/\/www.maiaplasticsurgery.com\/wp-content\/uploads\/2020\/10\/office-3.jpg","contentUrl":"https:\/\/www.maiaplasticsurgery.com\/wp-content\/uploads\/2020\/10\/office-3.jpg","width":1390,"height":800,"caption":"dr maia with patient in gabinet"},{"@type":"BreadcrumbList","@id":"https:\/\/www.maiaplasticsurgery.com\/es\/#breadcrumb","itemListElement":[{"@type":"ListItem","position":1,"name":"Home","item":"https:\/\/www.maiaplasticsurgery.com\/es\/"},{"@type":"ListItem","position":2,"name":"Welcome"}]},{"@type":"WebSite","@id":"https:\/\/www.maiaplasticsurgery.com\/#website","url":"https:\/\/www.maiaplasticsurgery.com\/","name":"Maia Plastic Surgery","description":"","potentialAction":[{"@type":"SearchAction","target":{"@type":"EntryPoint","urlTemplate":"https:\/\/www.maiaplasticsurgery.com\/?s={search_term_string}"},"query-input":{"@type":"PropertyValueSpecification","valueRequired":true,"valueName":"search_term_string"}}],"inLanguage":"es"}]}},"_links":{"self":[{"href":"https:\/\/www.maiaplasticsurgery.com\/es\/wp-json\/wp\/v2\/pages\/14423","targetHints":{"allow":["GET"]}}],"collection":[{"href":"https:\/\/www.maiaplasticsurgery.com\/es\/wp-json\/wp\/v2\/pages"}],"about":[{"href":"https:\/\/www.maiaplasticsurgery.com\/es\/wp-json\/wp\/v2\/types\/page"}],"author":[{"embeddable":true,"href":"https:\/\/www.maiaplasticsurgery.com\/es\/wp-json\/wp\/v2\/users\/1"}],"replies":[{"embeddable":true,"href":"https:\/\/www.maiaplasticsurgery.com\/es\/wp-json\/wp\/v2\/comments?post=14423"}],"version-history":[{"count":4,"href":"https:\/\/www.maiaplasticsurgery.com\/es\/wp-json\/wp\/v2\/pages\/14423\/revisions"}],"predecessor-version":[{"id":15756,"href":"https:\/\/www.maiaplasticsurgery.com\/es\/wp-json\/wp\/v2\/pages\/14423\/revisions\/15756"}],"wp:featuredmedia":[{"embeddable":true,"href":"https:\/\/www.maiaplasticsurgery.com\/es\/wp-json\/wp\/v2\/media\/9044"}],"wp:attachment":[{"href":"https:\/\/www.maiaplasticsurgery.com\/es\/wp-json\/wp\/v2\/media?parent=14423"}],"curies":[{"name":"wp","href":"https:\/\/api.w.org\/{rel}","templated":true}]}}